{"id":1110,"date":"2021-06-09T11:33:40","date_gmt":"2021-06-09T09:33:40","guid":{"rendered":"https:\/\/dichterzusammen.de\/?page_id=1110"},"modified":"2021-07-30T10:17:02","modified_gmt":"2021-07-30T08:17:02","slug":"freunde","status":"publish","type":"page","link":"https:\/\/dichterzusammen.de\/home\/freunde\/","title":{"rendered":"Freunde"},"content":{"rendered":"<section class=\"l-section wpb_row height_custom\"><div class=\"l-section-h i-cf\"><div class=\"g-cols via_flex valign_top type_default\"><div class=\"vc_col-sm-12 wpb_column vc_column_container\"><div class=\"vc_column-inner\"><div class=\"wpb_wrapper\"><div class=\"wpb_text_column us_custom_432d3f53\"><div class=\"wpb_wrapper\"><h4>Kultur lebt vom Miteinander<\/h4>\n<p>Wir freuen uns \u00fcber die Unterst\u00fctzung von Fans, F\u00f6rderern, K\u00fcnstlern aller Art, Literaturgruppen, Kunstvereinen und Kultureinrichtungen. Im Zusammenwirken mit ihnen entstehen Ideen und Anregungen auch f\u00fcr alle unsere zuk\u00fcnftigen Aktionen.<\/p>\n<h6>Kontakte bestehen besonders zu<\/h6>\n<\/div><\/div><div class=\"w-tabs layout_hor style_default switch_click has_scrolling\" style=\"--sections-title-size:1em\"><div class=\"w-tabs-list items_4 align_none\"><div class=\"w-tabs-list-h\"><a class=\"w-tabs-item active\" aria-controls=\"content-g58f\" href=\"javascript:void(0);\"><span class=\"w-tabs-item-title\">Literatur<\/span><\/a><a class=\"w-tabs-item\" aria-controls=\"content-cdd1\" href=\"javascript:void(0);\"><span class=\"w-tabs-item-title\">Musik<\/span><\/a><a class=\"w-tabs-item\" aria-controls=\"content-p3f1\" href=\"javascript:void(0);\"><span class=\"w-tabs-item-title\">Malerei<\/span><\/a><a class=\"w-tabs-item\" aria-controls=\"content-u2ff\" href=\"javascript:void(0);\"><span class=\"w-tabs-item-title\">Gastronomie &amp; Veranstaltungsorte<\/span><\/a><\/div><\/div><div class=\"w-tabs-sections titles-align_none icon_chevron cpos_right\"><div class=\"w-tabs-section active\" id=\"1622991737772-86b17ab9-f462\"><button aria-controls=\"content-1622991737772-86b17ab9-f462\" class=\"w-tabs-section-header active\"><div class=\"w-tabs-section-title\">Literatur<\/div><div class=\"w-tabs-section-control\"><\/div><\/button><div class=\"w-tabs-section-content\" id=\"content-1622991737772-86b17ab9-f462\" aria-expanded=\"true\"><div class=\"w-tabs-section-content-h i-cf\"><div class=\"g-cols wpb_row us_custom_c70c97eb via_flex valign_top type_default\"><div class=\"vc_col-sm-12 wpb_column vc_column_container\"><div class=\"vc_column-inner\"><div class=\"wpb_wrapper\"><div class=\"w-image align_left\"><div class=\"w-image-h\"><img width=\"300\" height=\"300\" src=\"https:\/\/dichterzusammen.de\/wp-content\/uploads\/2021\/06\/Peter-Hakenjos-B1-300x300.jpg\" class=\"attachment-medium size-medium\" alt=\"\" decoding=\"async\" loading=\"lazy\" srcset=\"https:\/\/dichterzusammen.de\/wp-content\/uploads\/2021\/06\/Peter-Hakenjos-B1-300x300.jpg 300w, https:\/\/dichterzusammen.de\/wp-content\/uploads\/2021\/06\/Peter-Hakenjos-B1-1024x1024.jpg 1024w, https:\/\/dichterzusammen.de\/wp-content\/uploads\/2021\/06\/Peter-Hakenjos-B1-150x150.jpg 150w, https:\/\/dichterzusammen.de\/wp-content\/uploads\/2021\/06\/Peter-Hakenjos-B1.jpg 1280w\" sizes=\"(max-width: 300px) 100vw, 300px\" \/><\/div><\/div><div class=\"wpb_text_column us_custom_109276ba\"><div class=\"wpb_wrapper\"><p><strong>Peter Hakenjos<\/strong><\/p>\n<p>Nach meinem Studium der Wirtschaftsp\u00e4dagogik an der Universit\u00e4t Mannheim und als Lehrer f\u00fcr Spanisch sowie Wirtschaftswissenschaften an einer Beruflichen Schule und meiner T\u00e4tigkeit in der Lehreraus- und -fortbildung schrieb und ver\u00f6ffentlichte ich seit meiner Pensionierung Romane, die von der Kriegs- und Nachkriegszeit handeln, Kurzgeschichten, bei denen \u00e4ltere Menschen im Mittelpunkt stehen, Liebesromane, ein Buch \u00fcber Erfahrungen im Garten, M\u00e4rcheninterpretationen und Gedichte. Mehr Infos auf meiner <a href=\"http:\/\/www.peterhakenjos.de\/\" target=\"_blank\" rel=\"noopener\">Homepage<\/a>.<\/p>\n<\/div><\/div><\/div><\/div><\/div><\/div><div class=\"wpb_text_column\"><div class=\"wpb_wrapper\"><\/div><\/div><div class=\"g-cols wpb_row us_custom_c70c97eb via_flex valign_top type_default\"><div class=\"vc_col-sm-12 wpb_column vc_column_container\"><div class=\"vc_column-inner\"><div class=\"wpb_wrapper\"><div class=\"w-image align_left\"><div class=\"w-image-h\"><img width=\"300\" height=\"300\" src=\"https:\/\/dichterzusammen.de\/wp-content\/uploads\/2021\/07\/JuergenFq-1-300x300.jpg\" class=\"attachment-medium size-medium\" alt=\"\" decoding=\"async\" loading=\"lazy\" srcset=\"https:\/\/dichterzusammen.de\/wp-content\/uploads\/2021\/07\/JuergenFq-1.jpg 300w, https:\/\/dichterzusammen.de\/wp-content\/uploads\/2021\/07\/JuergenFq-1-150x150.jpg 150w\" sizes=\"(max-width: 300px) 100vw, 300px\" \/><\/div><\/div><div class=\"wpb_text_column us_custom_109276ba\"><div class=\"wpb_wrapper\"><p><strong>J\u00fcrgen Friese<\/strong><\/p>\n<p>Mit dem Schreiben begann ich bereits in den Siebzigerjahren. Die Freundschaft mit Judith Rimmelspacher brachte mich dazu, diesem Hobby intensiver nachzugehen, was zur Herausgabe zweier gemeinsamer B\u00fccher gef\u00fchrt hat: \u201cGoldlack und TIPOTA\u201d im eigenen Verlag in Linkenheim (1999) und \u201cM\u00e4nnergschichte-Weibergschichte\u201d im Verlag Regionalkultur in Ubstadt-Weiher (2015). Trotz der 1986 gestellten Diagnose \u201dMS\u201d \u00fcbe ich verhaltenen Optimismus <em>\u201cmir lasse uns net so leicht unnerkriege\u201d.<\/em><\/p>\n<\/div><\/div><\/div><\/div><\/div><\/div><\/div><\/div><\/div><div class=\"w-tabs-section\" id=\"1622991737811-edbaf500-578b\"><button aria-controls=\"content-1622991737811-edbaf500-578b\" class=\"w-tabs-section-header\"><div class=\"w-tabs-section-title\">Musik<\/div><div class=\"w-tabs-section-control\"><\/div><\/button><div class=\"w-tabs-section-content\" id=\"content-1622991737811-edbaf500-578b\" aria-expanded=\"false\"><div class=\"w-tabs-section-content-h i-cf\"><div class=\"g-cols wpb_row via_flex valign_top type_default\"><div class=\"vc_col-sm-12 wpb_column vc_column_container\"><div class=\"vc_column-inner\"><div class=\"wpb_wrapper\"><\/div><\/div><\/div><\/div><div class=\"g-cols wpb_row us_custom_c70c97eb via_flex valign_top type_default\"><div class=\"vc_col-sm-3 wpb_column vc_column_container\"><div class=\"vc_column-inner\"><div class=\"wpb_wrapper\"><div class=\"w-image align_left\"><div class=\"w-image-h\"><img width=\"225\" height=\"224\" src=\"https:\/\/dichterzusammen.de\/wp-content\/uploads\/2021\/06\/Mariusz-Rzymkowski.jpg\" class=\"attachment-medium size-medium\" alt=\"\" decoding=\"async\" loading=\"lazy\" srcset=\"https:\/\/dichterzusammen.de\/wp-content\/uploads\/2021\/06\/Mariusz-Rzymkowski.jpg 225w, https:\/\/dichterzusammen.de\/wp-content\/uploads\/2021\/06\/Mariusz-Rzymkowski-150x150.jpg 150w\" sizes=\"(max-width: 225px) 100vw, 225px\" \/><\/div><\/div><\/div><\/div><\/div><div class=\"vc_col-sm-9 wpb_column vc_column_container\"><div class=\"vc_column-inner\"><div class=\"wpb_wrapper\"><div class=\"wpb_text_column\"><div class=\"wpb_wrapper\"><p><strong>Mariusz Rzymkowski<\/strong><\/p>\n<p>war bei vielen unserer Lesungen der einf\u00fchlsame musikalische Begleiter.<\/p>\n<\/div><\/div><\/div><\/div><\/div><\/div><\/div><\/div><\/div><div class=\"w-tabs-section\" id=\"1623058353026-ccea867b-2eb2\"><button aria-controls=\"content-1623058353026-ccea867b-2eb2\" class=\"w-tabs-section-header\"><div class=\"w-tabs-section-title\">Malerei<\/div><div class=\"w-tabs-section-control\"><\/div><\/button><div class=\"w-tabs-section-content\" id=\"content-1623058353026-ccea867b-2eb2\" aria-expanded=\"false\"><div class=\"w-tabs-section-content-h i-cf\"><div class=\"g-cols wpb_row via_flex valign_top type_default\"><div class=\"vc_col-sm-6 wpb_column vc_column_container\"><div class=\"vc_column-inner\"><div class=\"wpb_wrapper\"><div class=\"w-image align_none\"><div class=\"w-image-h\"><img width=\"813\" height=\"1024\" src=\"https:\/\/dichterzusammen.de\/wp-content\/uploads\/2021\/06\/B08-813x1024.jpg\" class=\"attachment-large size-large\" alt=\"\" decoding=\"async\" loading=\"lazy\" srcset=\"https:\/\/dichterzusammen.de\/wp-content\/uploads\/2021\/06\/B08-813x1024.jpg 813w, https:\/\/dichterzusammen.de\/wp-content\/uploads\/2021\/06\/B08-238x300.jpg 238w, https:\/\/dichterzusammen.de\/wp-content\/uploads\/2021\/06\/B08-1219x1536.jpg 1219w, https:\/\/dichterzusammen.de\/wp-content\/uploads\/2021\/06\/B08.jpg 1970w\" sizes=\"(max-width: 813px) 100vw, 813px\" \/><\/div><\/div><\/div><\/div><\/div><div class=\"vc_col-sm-6 wpb_column vc_column_container\"><div class=\"vc_column-inner\"><div class=\"wpb_wrapper\"><div class=\"wpb_text_column\"><div class=\"wpb_wrapper\"><p>Das ist mein Lieblingsbild.<\/p>\n<\/div><\/div><\/div><\/div><\/div><\/div><\/div><\/div><\/div><div class=\"w-tabs-section\" id=\"1623232325548-8ab1c64e-68dc\"><button aria-controls=\"content-1623232325548-8ab1c64e-68dc\" class=\"w-tabs-section-header\"><div class=\"w-tabs-section-title\">Gastronomie &amp; Veranstaltungsorte<\/div><div class=\"w-tabs-section-control\"><\/div><\/button><div class=\"w-tabs-section-content\" id=\"content-1623232325548-8ab1c64e-68dc\" aria-expanded=\"false\"><div class=\"w-tabs-section-content-h i-cf\"><div class=\"g-cols wpb_row via_flex valign_top type_default\"><div class=\"vc_col-sm-12 wpb_column vc_column_container\"><div class=\"vc_column-inner\"><div class=\"wpb_wrapper\"><div class=\"wpb_text_column\"><div class=\"wpb_wrapper\"><p>Im <a href=\"https:\/\/www.facebook.com\/Cafe-Gaudi-227572683967251\/\" target=\"_blank\" rel=\"noopener\">Cafe Gaudi<\/a> in Schifferstadt finden traditionell unsere Adventslesungen statt.<\/p>\n<\/div><\/div><\/div><\/div><\/div><\/div><div class=\"w-separator size_medium\"><\/div><div class=\"g-cols wpb_row us_custom_c70c97eb via_flex valign_top type_default\"><div class=\"vc_col-sm-3 wpb_column vc_column_container\"><div class=\"vc_column-inner\"><div class=\"wpb_wrapper\"><div class=\"w-image align_left\"><div class=\"w-image-h\"><img width=\"212\" height=\"300\" src=\"https:\/\/dichterzusammen.de\/wp-content\/uploads\/2021\/06\/Literaturvilla-212x300.jpg\" class=\"attachment-medium size-medium\" alt=\"\" decoding=\"async\" loading=\"lazy\" srcset=\"https:\/\/dichterzusammen.de\/wp-content\/uploads\/2021\/06\/Literaturvilla-212x300.jpg 212w, https:\/\/dichterzusammen.de\/wp-content\/uploads\/2021\/06\/Literaturvilla.jpg 720w\" sizes=\"(max-width: 212px) 100vw, 212px\" \/><\/div><\/div><\/div><\/div><\/div><div class=\"vc_col-sm-9 wpb_column vc_column_container\"><div class=\"vc_column-inner\"><div class=\"wpb_wrapper\"><div class=\"w-separator size_medium\"><\/div><div class=\"wpb_text_column\"><div class=\"wpb_wrapper\"><p><span class=\"d2edcug0 hpfvmrgz qv66sw1b c1et5uql lr9zc1uh a8c37x1j keod5gw0 nxhoafnm aigsh9s9 d3f4x2em fe6kdd0r mau55g9w c8b282yb iv3no6db jq4qci2q a3bd9o3v knj5qynh oo9gr5id hzawbc8m\" dir=\"auto\"><span class=\"d2edcug0 hpfvmrgz qv66sw1b c1et5uql lr9zc1uh jq4qci2q a3bd9o3v knj5qynh oo9gr5id hzawbc8m\">Die &#8222;<a href=\"https:\/\/www.facebook.com\/literaturvilla.herrenhof\/\" target=\"_blank\" rel=\"noopener\">Literaturvilla Herrenhof<\/a>&#8220; f\u00f6rdert und pr\u00e4sentiert die junge Literaturszene der Metropolregion Rhein-Neckar auf ihrer B\u00fchne in der FGH Mu\u00dfbach.<\/span><\/span><\/p>\n<\/div><\/div><\/div><\/div><\/div><\/div><div class=\"g-cols wpb_row via_flex valign_top type_default\"><div class=\"vc_col-sm-12 wpb_column vc_column_container\"><div class=\"vc_column-inner\"><div class=\"wpb_wrapper\"><div class=\"w-separator size_medium\"><\/div><div class=\"wpb_text_column\"><div class=\"wpb_wrapper\"><p>Wir stehen auch in Kontakt mit dem <a href=\"https:\/\/kreativhaush6.de\/\" target=\"_blank\" rel=\"noopener\">Kreativhaus H6\u00a0<\/a>\u00a0 und \u00a0<a href=\"https:\/\/www.cinema-paradiso-arte.de\/\" target=\"_blank\" rel=\"noopener\">Cinema Paradiso &amp; Arte<\/a> . Vielleicht sind dies Orte f\u00fcr weitere Lesungen.<\/p>\n<\/div><\/div><\/div><\/div><\/div><\/div><\/div><\/div><\/div><\/div><\/div><\/div><\/div><\/div><\/div><\/div><\/section><section class=\"l-section wpb_row height_custom\"><div class=\"l-section-h i-cf\"><div class=\"g-cols via_flex valign_top type_default\"><div class=\"vc_col-sm-12 wpb_column vc_column_container\"><div class=\"vc_column-inner\"><div class=\"wpb_wrapper\"><\/div><\/div><\/div><\/div><\/div><\/section>\n","protected":false},"excerpt":{"rendered":"Kultur lebt vom Miteinander Wir freuen uns \u00fcber die Unterst\u00fctzung von Fans, F\u00f6rderern, K\u00fcnstlern aller Art, Literaturgruppen, Kunstvereinen und Kultureinrichtungen. Im Zusammenwirken mit ihnen entstehen Ideen und Anregungen auch f\u00fcr alle unsere zuk\u00fcnftigen Aktionen. Kontakte bestehen besonders zu LiteraturMusikMalereiGastronomie &amp; VeranstaltungsorteLiteraturPeter Hakenjos Nach meinem Studium der Wirtschaftsp\u00e4dagogik an der Universit\u00e4t Mannheim und als Lehrer f\u00fcr...","protected":false},"author":2,"featured_media":0,"parent":0,"menu_order":0,"comment_status":"closed","ping_status":"closed","template":"","meta":[],"_links":{"self":[{"href":"https:\/\/dichterzusammen.de\/home\/wp-json\/wp\/v2\/pages\/1110"}],"collection":[{"href":"https:\/\/dichterzusammen.de\/home\/wp-json\/wp\/v2\/pages"}],"about":[{"href":"https:\/\/dichterzusammen.de\/home\/wp-json\/wp\/v2\/types\/page"}],"author":[{"embeddable":true,"href":"https:\/\/dichterzusammen.de\/home\/wp-json\/wp\/v2\/users\/2"}],"replies":[{"embeddable":true,"href":"https:\/\/dichterzusammen.de\/home\/wp-json\/wp\/v2\/comments?post=1110"}],"version-history":[{"count":10,"href":"https:\/\/dichterzusammen.de\/home\/wp-json\/wp\/v2\/pages\/1110\/revisions"}],"predecessor-version":[{"id":1241,"href":"https:\/\/dichterzusammen.de\/home\/wp-json\/wp\/v2\/pages\/1110\/revisions\/1241"}],"wp:attachment":[{"href":"https:\/\/dichterzusammen.de\/home\/wp-json\/wp\/v2\/media?parent=1110"}],"curies":[{"name":"wp","href":"https:\/\/api.w.org\/{rel}","templated":true}]}}